{"id":2780,"date":"2025-06-24T12:27:09","date_gmt":"2025-06-24T10:27:09","guid":{"rendered":"https:\/\/altnova.be\/diensten-2\/"},"modified":"2025-06-24T14:17:18","modified_gmt":"2025-06-24T12:17:18","slug":"services","status":"publish","type":"page","link":"https:\/\/altnova.be\/fr\/services\/","title":{"rendered":"Services"},"content":{"rendered":"<p>[et_pb_section fb_built=\"1&#8243; custom_padding_last_edited=\"on|desktop\" admin_label=\"section\" _builder_version=\"4.18.0&#8243; background_color=\"#eeeeee\" custom_padding=\"0px|||||\" custom_padding_tablet=\"50px|0|50px|0&#8243; custom_padding_phone=\"\" transparent_background=\"off\" padding_mobile=\"off\" make_fullwidth=\"off\" use_custom_width=\"off\" width_unit=\"on\" custom_width_px=\"1080px\" custom_width_percent=\"80%\" global_colors_info=\"{}\"][et_pb_row padding_mobile=\"off\" column_padding_mobile=\"on\" admin_label=\"rang\u00e9e\" _builder_version=\"4.16&#8243; background_size=\"initial\" background_position=\"top_left\" background_repeat=\"repeat\" custom_padding=\"15px|||||\" make_fullwidth=\"off\" use_custom_width=\"off\" width_unit=\"off\" custom_width_px=\"1080px\" custom_width_percent=\"80%\" global_colors_info=\"{}\"][et_pb_column type=\"4_4&#8243; _builder_version=\"4.16&#8243; custom_padding=\"|||\" global_colors_info=\"{}\" custom_padding__hover=\"|||\"][et_pb_text admin_label=\"Tekst\" _builder_version=\"4.18.0&#8243; text_text_color=\"#000000&#8243; background_size=\"initial\" background_position=\"top_left\" background_repeat=\"repeat\" background_layout=\"dark\" custom_margin=\"||-16px|||\" use_border_color=\"off\" border_style=\"solid\" global_colors_info=\"{}\"]<\/p>\n<h1><span style=\"color: #8d0c0b;\">COMBINAISON DE L&#8217;ARTISANAT ET DE L&#8217;INNOVATION<\/span><\/h1>\n<p>AltNova r\u00e9alise des restaurations d&#8217;ouvrages de valeur en m\u00e9tal et en pierre naturelle. Centralis\u00e9s dans nos ateliers de Zaventem, nous travaillons dans toute la Belgique. De cette mani\u00e8re, nous travaillons constamment sur notre sp\u00e9cialit\u00e9 et accumulons de plus en plus de savoir-faire. Nous sommes une \u00e9quipe de sp\u00e9cialistes comp\u00e9tents et soud\u00e9s, avec une solide connaissance des techniques traditionnelles, et nous appliquons les nouvelles technologies dans notre travail chaque fois que c&#8217;est possible. AltNova poss\u00e8de l&#8217;expertise n\u00e9cessaire pour reconstruire des objets et des structures disparus en fonte, en fer forg\u00e9 et\/ou en pierre naturelle, conform\u00e9ment \u00e0 l&#8217;original.    <\/p>\n<p>[\/et_pb_text][\/et_pb_column][\/et_pb_row][et_pb_row column_structure=\"1_2,1_2&#8243; padding_mobile=\"off\" column_padding_mobile=\"on\" admin_label=\"Conduire\" _builder_version=\"4.18.0&#8243; background_size=\"initial\" background_position=\"top_left\" background_repeat=\"repeat\" custom_margin=\"-6px|auto||auto||\" custom_padding=\"13px|||||\" make_fullwidth=\"off\" use_custom_width=\"off\" width_unit=\"off\" custom_width_px=\"1080px\" custom_width_percent=\"80%\" global_colors_info=\"{}\"][et_pb_column type=\"1_2&#8243; _builder_version=\"4.16&#8243; custom_padding=\"|||\" global_colors_info=\"{}\" custom_padding__hover=\"|||\"][et_pb_blurb title=\"Forge et fonte\" image=\"https:\/\/altnova.be\/wp-content\/uploads\/2016\/11\/106_6624-kopie.jpg\" image_icon_width=\"none\" admin_label=\"Blurb\" _builder_version=\"4.18.0&#8243; header_level=\"h2&#8243; header_text_color=\"#FFFFFF\" body_text_color=\"#FFFFFF\" background_color=\"#8D0C0B\" background_size=\"initial\" background_position=\"top_left\" background_repeat=\"repeat\" image_icon_custom_margin=\"0px|0px|0px|0px|true|true\" image_icon_custom_padding=\"0px|0px|0px|0px|true|true\" custom_padding=\"10px|10px|10px|10px|true|true\" border_width_all=\"2px\" border_color_all=\"#8d0c0b\" use_border_color=\"on\" border_color=\"#8d0c0b\" border_width=\"2px\" border_style=\"outset\" image_max_width=\"none\" global_colors_info=\"{}\"]<\/p>\n<p>Restauration d&#8217;ouvrages m\u00e9talliques de valeur historique : portails et cl\u00f4tures en fer forg\u00e9 et balcons en fonte.<\/p>\n<p>Nouvelle fabrication de ferronneries disparues sur base de photographies anciennes, ou encore selon vos propres id\u00e9es avec un clin d&#8217;\u0153il aux styles tels que l&#8217;Art D\u00e9co, l&#8217;Art Nouveau, Louis XIV, XV&#8230;<\/p>\n<p>[\/et_pb_blurb][\/et_pb_column][et_pb_column type=\"1_2&#8243; _builder_version=\"4.16&#8243; custom_padding=\"|||\" global_colors_info=\"{}\" custom_padding__hover=\"|||\"][et_pb_blurb title=\"Travaux en pierre naturelle\" image=\"https:\/\/altnova.be\/wp-content\/uploads\/2016\/11\/Natuursteenwerken-door-AltNova-Altanova.jpg\" image_icon_width=\"none\" admin_label=\"Blurb\" _builder_version=\"4.18.0&#8243; header_level=\"h2&#8243; header_text_color=\"#FFFFFF\" body_text_color=\"#FFFFFF\" background_color=\"#8D0C0B\" background_size=\"initial\" background_position=\"top_left\" background_repeat=\"repeat\" image_icon_custom_margin=\"0px|0px|0px|0px|true|true\" image_icon_custom_padding=\"0px|0px|0px|0px|true|true\" custom_padding=\"10px|10px|37px|10px|false|true\" border_width_all=\"2px\" border_color_all=\"#8d0c0b\" use_border_color=\"on\" border_color=\"#8d0c0b\" border_width=\"2px\" border_style=\"outset\" image_max_width=\"none\" global_colors_info=\"{}\"]<\/p>\n<p>Les vieux ouvrages m\u00e9talliques sont presque toujours ancr\u00e9s dans la pierre naturelle. Les \u00e9l\u00e9ments m\u00e9talliques rouill\u00e9s sont la cause de nombreux dommages \u00e0 la pierre. <\/p>\n<p>Restauration de sculptures existantes, de socles, de colonnes dans les r\u00e8gles de l&#8217;art et copies \u00e0 l&#8217;identique de pi\u00e8ces manquantes en pierre naturelle.<\/p>\n<p>[\/et_pb_blurb][\/et_pb_column][\/et_pb_row][et_pb_row column_structure=\"1_2,1_2&#8243; padding_mobile=\"off\" column_padding_mobile=\"on\" admin_label=\"Conduire\" _builder_version=\"4.18.0&#8243; background_size=\"initial\" background_position=\"top_left\" background_repeat=\"repeat\" custom_margin=\"-6px|auto||auto||\" custom_padding=\"13px|||||\" make_fullwidth=\"off\" use_custom_width=\"off\" width_unit=\"off\" custom_width_px=\"1080px\" custom_width_percent=\"80%\" global_colors_info=\"{}\"][et_pb_column type=\"1_2&#8243; _builder_version=\"4.16&#8243; custom_padding=\"|||\" global_colors_info=\"{}\" custom_padding__hover=\"|||\"][et_pb_blurb title=\"Restauration de la menuiserie en acier\" image=\"https:\/\/altnova.be\/wp-content\/uploads\/2017\/04\/20161018_150437.jpg\" image_icon_width=\"none\" admin_label=\"Blurb\" _builder_version=\"4.18.0&#8243; header_level=\"h2&#8243; background_color=\"#FFFFFF\" background_size=\"initial\" background_position=\"top_left\" background_repeat=\"repeat\" image_icon_custom_margin=\"0px|0px|0px|0px|true|true\" image_icon_custom_padding=\"0px|0px|0px|0px|true|true\" custom_padding=\"10px|10px|10px|10px|true|true\" border_width_all=\"2px\" border_color_all=\"#8d0c0b\" use_border_color=\"on\" border_color=\"#8d0c0b\" border_width=\"2px\" border_style=\"outset\" image_max_width=\"none\" global_colors_info=\"{}\"]<\/p>\n<p>Restaurations approfondies de portes d&#8217;entr\u00e9e en acier (portes d&#8217;entr\u00e9e en fer forg\u00e9, par exemple) et d&#8217;encadrements de fen\u00eatres.<\/p>\n<p>Les parties manquantes sont recr\u00e9\u00e9es \u00e0 l&#8217;identique, nous installons du verre de s\u00e9curit\u00e9 ou, apr\u00e8s avoir chang\u00e9 les barres de vitrage, du vitrage thermo-isolant.<\/p>\n<p>[\/et_pb_blurb][et_pb_blurb title=\"Quincaillerie sur mesure\" image=\"https:\/\/altnova.be\/wp-content\/uploads\/2016\/11\/Hang-en-sluitwerk-AltNova-AltaNova.jpg\" image_icon_width=\"none\" admin_label=\"Blurb\" _builder_version=\"4.18.0&#8243; header_level=\"h2&#8243; background_color=\"#FFFFFF\" background_size=\"initial\" background_position=\"top_left\" background_repeat=\"repeat\" image_icon_custom_margin=\"0px|0px|0px|0px|true|true\" image_icon_custom_padding=\"0px|0px|0px|0px|true|true\" custom_padding=\"10px|10px|10px|10px|true|true\" border_width_all=\"2px\" border_color_all=\"#8d0c0b\" use_border_color=\"on\" border_color=\"#8d0c0b\" border_width=\"2px\" border_style=\"outset\" image_max_width=\"none\" global_colors_info=\"{}\"]<\/p>\n<p>Copies \u00e0 l&#8217;identique d&#8217;escarpins de fen\u00eatre, d&#8217;espagnolettes,&#8230; manquants. en fonte et en m\u00e9taux non ferreux (bronze, laiton).<\/p>\n<p>Nous utilisons des techniques de num\u00e9risation et d&#8217;impression en 3D pour obtenir le mod\u00e8le. Des variations sur des \u00e9l\u00e9ments existants, voire des mod\u00e8les \u00e0 l&#8217;\u00e9chelle, sont possibles. <\/p>\n<p>[\/et_pb_blurb][\/et_pb_column][et_pb_column type=\"1_2&#8243; _builder_version=\"4.16&#8243; custom_padding=\"|||\" global_colors_info=\"{}\" custom_padding__hover=\"|||\"][et_pb_blurb title=\"Restauration des monuments\" image=\"https:\/\/altnova.be\/wp-content\/uploads\/2016\/11\/Monumentrenovatie-AltNova-Altanova.jpg\" image_icon_width=\"none\" admin_label=\"Blurb\" _builder_version=\"4.18.0&#8243; header_level=\"h2&#8243; background_color=\"#FFFFFF\" background_size=\"initial\" background_position=\"top_left\" background_repeat=\"repeat\" image_icon_custom_margin=\"0px|0px|0px|0px|true|true\" image_icon_custom_padding=\"0px|0px|0px|0px|true|true\" custom_padding=\"10px|10px|10px|10px|true|true\" border_width_all=\"2px\" border_color_all=\"#8d0c0b\" use_border_color=\"on\" border_color=\"#8d0c0b\" border_width=\"2px\" border_style=\"outset\" image_max_width=\"none\" global_colors_info=\"{}\"]<\/p>\n<p>La restauration du patrimoine architectural n\u00e9cessite dans de nombreux cas une approche globale des travaux de m\u00e9tallerie, de pierre naturelle, de ma\u00e7onnerie et de b\u00e9ton.  <\/p>\n<p>AltNova assure la coordination des diff\u00e9rentes disciplines, en tenant compte de la philosophie du patrimoine.<\/p>\n<p>[\/et_pb_blurb][et_pb_blurb title=\"Travaux m\u00e9talliques contemporains\" image=\"https:\/\/altnova.be\/wp-content\/uploads\/2017\/04\/20160321_155309-voor-nieuwe-website-AN.jpg\" alt=\"Structures contemporaines, par exemple combinaison de bois et de m\u00e9tal\" image_icon_width=\"none\" admin_label=\"Blurb\" _builder_version=\"4.18.0&#8243; header_level=\"h2&#8243; background_color=\"#FFFFFF\" background_size=\"initial\" background_position=\"top_left\" background_repeat=\"repeat\" image_icon_custom_margin=\"0px|0px|0px|0px|true|true\" image_icon_custom_padding=\"0px|0px|0px|0px|true|true\" custom_padding=\"10px|10px|10px|10px|true|true\" border_width_all=\"2px\" border_color_all=\"#8d0c0b\" use_border_color=\"on\" border_color=\"#8d0c0b\" border_width=\"2px\" border_style=\"outset\" image_max_width=\"none\" global_colors_info=\"{}\"]<\/p>\n<p>Combinaison de m\u00e9tal et de bois, avec ou sans verre. Sur les sites o\u00f9 des travaux de restauration sont men\u00e9s en parall\u00e8le, cela pr\u00e9sente l&#8217;avantage de n&#8217;avoir qu&#8217;un seul interlocuteur.   <\/p>\n<p>Service d&#8217;arpentage pr\u00e9cis, d&#8217;\u00e9tude et de dessin en interne<\/p>\n<p>[\/et_pb_blurb][\/et_pb_column][\/et_pb_row][et_pb_row column_structure=\"1_2,1_2&#8243; padding_mobile=\"off\" column_padding_mobile=\"on\" admin_label=\"Conduire\" _builder_version=\"4.18.0&#8243; background_size=\"initial\" background_position=\"top_left\" background_repeat=\"repeat\" custom_margin=\"-11px|auto||auto||\" custom_padding=\"12px|0px|27px|0px||\" make_fullwidth=\"off\" use_custom_width=\"off\" width_unit=\"off\" custom_width_px=\"1080px\" custom_width_percent=\"80%\" global_colors_info=\"{}\"][et_pb_column type=\"1_2&#8243; _builder_version=\"4.16&#8243; custom_padding=\"|||\" global_colors_info=\"{}\" custom_padding__hover=\"|||\"][\/et_pb_column][et_pb_column type=\"1_2&#8243; _builder_version=\"4.16&#8243; custom_padding=\"|||\" global_colors_info=\"{}\" custom_padding__hover=\"|||\"][\/et_pb_column][\/et_pb_row][et_pb_row padding_mobile=\"off\" column_padding_mobile=\"on\" admin_label=\"Conduire\" _builder_version=\"4.18.0&#8243; background_size=\"initial\" background_position=\"top_left\" background_repeat=\"repeat\" custom_margin=\"-11px|auto||auto||\" custom_padding=\"12px|0px|27px|0px||\" make_fullwidth=\"off\" use_custom_width=\"off\" width_unit=\"off\" custom_width_px=\"1080px\" custom_width_percent=\"80%\" global_colors_info=\"{}\"][et_pb_column type=\"4_4&#8243; _builder_version=\"4.16&#8243; custom_padding=\"|||\" global_colors_info=\"{}\" custom_padding__hover=\"|||\"][et_pb_cta title=\"Soumettre une demande de devis\" button_url=\"https:\/\/altnova.be\/fr\/contact\/\" button_text=\"Contactez nous\" admin_label=\"Appel \u00e0 l&apos;action\" _builder_version=\"4.18.0&#8243; background_size=\"initial\" background_position=\"top_left\" background_repeat=\"repeat\" text_orientation=\"left\" header_text_shadow_style=\"preset5&#8243; use_border_color=\"off\" border_color=\"#ffffff\" border_width=\"1px\" border_style=\"solid\" button_letter_spacing_hover=\"0&#8243; global_colors_info=\"{}\" button_text_size__hover_enabled=\"off\" button_one_text_size__hover_enabled=\"off\" button_two_text_size__hover_enabled=\"off\" button_text_color__hover_enabled=\"off\" button_one_text_color__hover_enabled=\"off\" button_two_text_color__hover_enabled=\"off\" button_border_width__hover_enabled=\"off\" button_one_border_width__hover_enabled=\"off\" button_two_border_width__hover_enabled=\"off\" button_border_color__hover_enabled=\"off\" button_one_border_color__hover_enabled=\"off\" button_two_border_color__hover_enabled=\"off\" button_border_radius__hover_enabled=\"off\" button_one_border_radius__hover_enabled=\"off\" button_two_border_radius__hover_enabled=\"off\" button_letter_spacing__hover_enabled=\"on\" button_letter_spacing__hover=\"0&#8243; button_one_letter_spacing__hover_enabled=\"off\" button_two_letter_spacing__hover_enabled=\"off\" button_bg_color__hover_enabled=\"off\" button_one_bg_color__hover_enabled=\"off\" button_two_bg_color__hover_enabled=\"off\"]<\/p>\n<p>Vos questions et\/ou demandes de devis sont les bienvenues.<\/p>\n<p>[\/et_pb_cta][\/et_pb_column][\/et_pb_row][\/et_pb_section]<\/p>\n","protected":false},"excerpt":{"rendered":"<p>COMBINAISON DE L&#8217;ARTISANAT ET DE L&#8217;INNOVATION AltNova r\u00e9alise des restaurations d&#8217;ouvrages de valeur en m\u00e9tal et en pierre naturelle. Centralis\u00e9s dans nos ateliers de Zaventem, nous travaillons dans toute la Belgique. De cette mani\u00e8re, nous travaillons constamment sur notre sp\u00e9cialit\u00e9 et accumulons de plus en plus de savoir-faire. Nous sommes une \u00e9quipe de sp\u00e9cialistes comp\u00e9tents [&hellip;]<\/p>\n","protected":false},"author":3,"featured_media":0,"parent":0,"menu_order":0,"comment_status":"closed","ping_status":"closed","template":"","meta":{"_et_pb_use_builder":"on","_et_pb_old_content":"","_et_gb_content_width":"","footnotes":""},"class_list":["post-2780","page","type-page","status-publish","hentry"],"yoast_head":"<!-- This site is optimized with the Yoast SEO plugin v26.7 - https:\/\/yoast.com\/wordpress\/plugins\/seo\/ -->\n<title>Services | AltNova | Smeedwerk &amp; gietijzer, Natuursteen: restauratie en nieuw fabricaat<\/title>\n<meta name=\"description\" content=\"D\u00e9couvrez nos services : de la conception \u00e0 la r\u00e9alisation de projets complets d&#039;int\u00e9rieur, d&#039;ext\u00e9rieur et sur mesure. Durables, innovants et adapt\u00e9s \u00e0 vos besoins.\" \/>\n<meta name=\"robots\" content=\"index, follow, max-snippet:-1, max-image-preview:large, max-video-preview:-1\" \/>\n<link rel=\"canonical\" href=\"https:\/\/altnova.be\/fr\/services\/\" \/>\n<meta property=\"og:locale\" content=\"fr_FR\" \/>\n<meta property=\"og:type\" content=\"article\" \/>\n<meta property=\"og:title\" content=\"Services | AltNova | Smeedwerk &amp; gietijzer, Natuursteen: restauratie en nieuw fabricaat\" \/>\n<meta property=\"og:description\" content=\"D\u00e9couvrez nos services : de la conception \u00e0 la r\u00e9alisation de projets complets d&#039;int\u00e9rieur, d&#039;ext\u00e9rieur et sur mesure. Durables, innovants et adapt\u00e9s \u00e0 vos besoins.\" \/>\n<meta property=\"og:url\" content=\"https:\/\/altnova.be\/fr\/services\/\" \/>\n<meta property=\"og:site_name\" content=\"AltNova | Smeedwerk &amp; gietijzer, Natuursteen: restauratie en nieuw fabricaat\" \/>\n<meta property=\"article:publisher\" content=\"http:\/\/www.facebook.com\/altnova.be\" \/>\n<meta property=\"article:modified_time\" content=\"2025-06-24T12:17:18+00:00\" \/>\n<meta name=\"twitter:card\" content=\"summary_large_image\" \/>\n<meta name=\"twitter:label1\" content=\"Dur\u00e9e de lecture estim\u00e9e\" \/>\n\t<meta name=\"twitter:data1\" content=\"9 minutes\" \/>\n<script type=\"application\/ld+json\" class=\"yoast-schema-graph\">{\"@context\":\"https:\/\/schema.org\",\"@graph\":[{\"@type\":\"WebPage\",\"@id\":\"https:\/\/altnova.be\/fr\/services\/\",\"url\":\"https:\/\/altnova.be\/fr\/services\/\",\"name\":\"Services | AltNova | Smeedwerk &amp; gietijzer, Natuursteen: restauratie en nieuw fabricaat\",\"isPartOf\":{\"@id\":\"https:\/\/altnova.be\/fr\/#website\"},\"datePublished\":\"2025-06-24T10:27:09+00:00\",\"dateModified\":\"2025-06-24T12:17:18+00:00\",\"description\":\"D\u00e9couvrez nos services : de la conception \u00e0 la r\u00e9alisation de projets complets d'int\u00e9rieur, d'ext\u00e9rieur et sur mesure. Durables, innovants et adapt\u00e9s \u00e0 vos besoins.\",\"breadcrumb\":{\"@id\":\"https:\/\/altnova.be\/fr\/services\/#breadcrumb\"},\"inLanguage\":\"fr-FR\",\"potentialAction\":[{\"@type\":\"ReadAction\",\"target\":[\"https:\/\/altnova.be\/fr\/services\/\"]}]},{\"@type\":\"BreadcrumbList\",\"@id\":\"https:\/\/altnova.be\/fr\/services\/#breadcrumb\",\"itemListElement\":[{\"@type\":\"ListItem\",\"position\":1,\"name\":\"Home\",\"item\":\"https:\/\/altnova.be\/fr\/\"},{\"@type\":\"ListItem\",\"position\":2,\"name\":\"Services\"}]},{\"@type\":\"WebSite\",\"@id\":\"https:\/\/altnova.be\/fr\/#website\",\"url\":\"https:\/\/altnova.be\/fr\/\",\"name\":\"AltNova | Smeedwerk & gietijzer, Natuursteen: restauratie en nieuw fabricaat\",\"description\":\"Voor de toekomst van ons verleden\",\"publisher\":{\"@id\":\"https:\/\/altnova.be\/fr\/#organization\"},\"potentialAction\":[{\"@type\":\"SearchAction\",\"target\":{\"@type\":\"EntryPoint\",\"urlTemplate\":\"https:\/\/altnova.be\/fr\/?s={search_term_string}\"},\"query-input\":{\"@type\":\"PropertyValueSpecification\",\"valueRequired\":true,\"valueName\":\"search_term_string\"}}],\"inLanguage\":\"fr-FR\"},{\"@type\":\"Organization\",\"@id\":\"https:\/\/altnova.be\/fr\/#organization\",\"name\":\"AltNova | Smeedwerk & gietijzer, Natuursteen: restauratie en nieuw fabricaat\",\"url\":\"https:\/\/altnova.be\/fr\/\",\"logo\":{\"@type\":\"ImageObject\",\"inLanguage\":\"fr-FR\",\"@id\":\"https:\/\/altnova.be\/fr\/#\/schema\/logo\/image\/\",\"url\":\"https:\/\/altnova.be\/wp-content\/uploads\/2016\/11\/AltNova-Altanova-logo.png\",\"contentUrl\":\"https:\/\/altnova.be\/wp-content\/uploads\/2016\/11\/AltNova-Altanova-logo.png\",\"width\":100,\"height\":113,\"caption\":\"AltNova | Smeedwerk & gietijzer, Natuursteen: restauratie en nieuw fabricaat\"},\"image\":{\"@id\":\"https:\/\/altnova.be\/fr\/#\/schema\/logo\/image\/\"},\"sameAs\":[\"http:\/\/www.facebook.com\/altnova.be\",\"https:\/\/www.instagram.com\/altnova.be\/\",\"https:\/\/www.linkedin.com\/company\/altnova\/\"]}]}<\/script>\n<!-- \/ Yoast SEO plugin. -->","yoast_head_json":{"title":"Services | AltNova | Smeedwerk &amp; gietijzer, Natuursteen: restauratie en nieuw fabricaat","description":"D\u00e9couvrez nos services : de la conception \u00e0 la r\u00e9alisation de projets complets d'int\u00e9rieur, d'ext\u00e9rieur et sur mesure. Durables, innovants et adapt\u00e9s \u00e0 vos besoins.","robots":{"index":"index","follow":"follow","max-snippet":"max-snippet:-1","max-image-preview":"max-image-preview:large","max-video-preview":"max-video-preview:-1"},"canonical":"https:\/\/altnova.be\/fr\/services\/","og_locale":"fr_FR","og_type":"article","og_title":"Services | AltNova | Smeedwerk &amp; gietijzer, Natuursteen: restauratie en nieuw fabricaat","og_description":"D\u00e9couvrez nos services : de la conception \u00e0 la r\u00e9alisation de projets complets d'int\u00e9rieur, d'ext\u00e9rieur et sur mesure. Durables, innovants et adapt\u00e9s \u00e0 vos besoins.","og_url":"https:\/\/altnova.be\/fr\/services\/","og_site_name":"AltNova | Smeedwerk &amp; gietijzer, Natuursteen: restauratie en nieuw fabricaat","article_publisher":"http:\/\/www.facebook.com\/altnova.be","article_modified_time":"2025-06-24T12:17:18+00:00","twitter_card":"summary_large_image","twitter_misc":{"Dur\u00e9e de lecture estim\u00e9e":"9 minutes"},"schema":{"@context":"https:\/\/schema.org","@graph":[{"@type":"WebPage","@id":"https:\/\/altnova.be\/fr\/services\/","url":"https:\/\/altnova.be\/fr\/services\/","name":"Services | AltNova | Smeedwerk &amp; gietijzer, Natuursteen: restauratie en nieuw fabricaat","isPartOf":{"@id":"https:\/\/altnova.be\/fr\/#website"},"datePublished":"2025-06-24T10:27:09+00:00","dateModified":"2025-06-24T12:17:18+00:00","description":"D\u00e9couvrez nos services : de la conception \u00e0 la r\u00e9alisation de projets complets d'int\u00e9rieur, d'ext\u00e9rieur et sur mesure. Durables, innovants et adapt\u00e9s \u00e0 vos besoins.","breadcrumb":{"@id":"https:\/\/altnova.be\/fr\/services\/#breadcrumb"},"inLanguage":"fr-FR","potentialAction":[{"@type":"ReadAction","target":["https:\/\/altnova.be\/fr\/services\/"]}]},{"@type":"BreadcrumbList","@id":"https:\/\/altnova.be\/fr\/services\/#breadcrumb","itemListElement":[{"@type":"ListItem","position":1,"name":"Home","item":"https:\/\/altnova.be\/fr\/"},{"@type":"ListItem","position":2,"name":"Services"}]},{"@type":"WebSite","@id":"https:\/\/altnova.be\/fr\/#website","url":"https:\/\/altnova.be\/fr\/","name":"AltNova | Smeedwerk & gietijzer, Natuursteen: restauratie en nieuw fabricaat","description":"Voor de toekomst van ons verleden","publisher":{"@id":"https:\/\/altnova.be\/fr\/#organization"},"potentialAction":[{"@type":"SearchAction","target":{"@type":"EntryPoint","urlTemplate":"https:\/\/altnova.be\/fr\/?s={search_term_string}"},"query-input":{"@type":"PropertyValueSpecification","valueRequired":true,"valueName":"search_term_string"}}],"inLanguage":"fr-FR"},{"@type":"Organization","@id":"https:\/\/altnova.be\/fr\/#organization","name":"AltNova | Smeedwerk & gietijzer, Natuursteen: restauratie en nieuw fabricaat","url":"https:\/\/altnova.be\/fr\/","logo":{"@type":"ImageObject","inLanguage":"fr-FR","@id":"https:\/\/altnova.be\/fr\/#\/schema\/logo\/image\/","url":"https:\/\/altnova.be\/wp-content\/uploads\/2016\/11\/AltNova-Altanova-logo.png","contentUrl":"https:\/\/altnova.be\/wp-content\/uploads\/2016\/11\/AltNova-Altanova-logo.png","width":100,"height":113,"caption":"AltNova | Smeedwerk & gietijzer, Natuursteen: restauratie en nieuw fabricaat"},"image":{"@id":"https:\/\/altnova.be\/fr\/#\/schema\/logo\/image\/"},"sameAs":["http:\/\/www.facebook.com\/altnova.be","https:\/\/www.instagram.com\/altnova.be\/","https:\/\/www.linkedin.com\/company\/altnova\/"]}]}},"_links":{"self":[{"href":"https:\/\/altnova.be\/fr\/wp-json\/wp\/v2\/pages\/2780","targetHints":{"allow":["GET"]}}],"collection":[{"href":"https:\/\/altnova.be\/fr\/wp-json\/wp\/v2\/pages"}],"about":[{"href":"https:\/\/altnova.be\/fr\/wp-json\/wp\/v2\/types\/page"}],"author":[{"embeddable":true,"href":"https:\/\/altnova.be\/fr\/wp-json\/wp\/v2\/users\/3"}],"replies":[{"embeddable":true,"href":"https:\/\/altnova.be\/fr\/wp-json\/wp\/v2\/comments?post=2780"}],"version-history":[{"count":4,"href":"https:\/\/altnova.be\/fr\/wp-json\/wp\/v2\/pages\/2780\/revisions"}],"predecessor-version":[{"id":2815,"href":"https:\/\/altnova.be\/fr\/wp-json\/wp\/v2\/pages\/2780\/revisions\/2815"}],"wp:attachment":[{"href":"https:\/\/altnova.be\/fr\/wp-json\/wp\/v2\/media?parent=2780"}],"curies":[{"name":"wp","href":"https:\/\/api.w.org\/{rel}","templated":true}]}}