{"id":213,"date":"2016-11-09T16:03:12","date_gmt":"2016-11-09T15:03:12","guid":{"rendered":"http:\/\/altnova.be\/construct\/referenties-2\/"},"modified":"2025-06-24T13:23:11","modified_gmt":"2025-06-24T11:23:11","slug":"referenties","status":"publish","type":"page","link":"https:\/\/altnova.be\/fr\/referenties\/","title":{"rendered":"Referenties"},"content":{"rendered":"<p>[et_pb_section fb_built=\"1&#8243; custom_padding_last_edited=\"on|desktop\" admin_label=\"section\" _builder_version=\"4.18.0&#8243; background_color=\"#eeeeee\" custom_margin=\"-5px||-5px||false|false\" custom_padding=\"0px||0px||false|false\" custom_padding_tablet=\"25px|0|25px|0|false|false\" custom_padding_phone=\"\" hover_enabled=\"0&#8243; transparent_background=\"off\" make_fullwidth=\"off\" use_custom_width=\"off\" width_unit=\"on\" custom_width_px=\"1080px\" custom_width_percent=\"80%\" global_colors_info=\"{}\" sticky_enabled=\"0&#8243; locked=\"off\"][et_pb_row padding_mobile=\"off\" column_padding_mobile=\"on\" admin_label=\"row\" module_class=\" et_pb_row_fullwidth\" _builder_version=\"4.16&#8243; background_size=\"initial\" background_position=\"top_left\" background_repeat=\"repeat\" width=\"89%\" width_tablet=\"80%\" width_phone=\"\" width_last_edited=\"on|desktop\" max_width=\"89%\" max_width_tablet=\"80%\" max_width_phone=\"\" max_width_last_edited=\"on|desktop\" custom_margin=\"-5px||-5px||false|false\" make_fullwidth=\"on\" use_custom_width=\"off\" width_unit=\"on\" custom_width_px=\"1080px\" custom_width_percent=\"80%\" global_colors_info=\"{}\" custom_padding=\"17px|||||\"][et_pb_column type=\"4_4&#8243; _builder_version=\"4.16&#8243; custom_padding=\"|||\" global_colors_info=\"{}\" custom_padding__hover=\"|||\"][et_pb_text admin_label=\"Tekst\" _builder_version=\"4.27.4&#8243; text_text_color=\"#282828&#8243; header_text_color=\"#8D0C0B\" background_size=\"initial\" background_position=\"top_left\" background_repeat=\"repeat\" background_layout=\"dark\" custom_margin=\"-5px||-5px||false|false\" hover_enabled=\"0&#8243; use_border_color=\"off\" border_style=\"solid\" global_colors_info=\"{}\" sticky_enabled=\"0&#8243;]<\/p>\n<h1 style=\"text-align: center;\"><span>AltNova ma\u00eetrise les deux disciplines: <\/span><\/h1>\n<h1 style=\"text-align: center;\"><span>de la restauration du m\u00e9tal ancien et de la pierre.<\/span><\/h1>\n<p style=\"text-align: center;\">Cela s\u2019av\u00e8re tr\u00e8s utile car une ancienne structure m\u00e9tallique constitue souvent un couple ins\u00e9parable avec la pierre dans laquelle elle est ancr\u00e9e, mais avec des \u00ab tensions \u00bb qui rendent difficile la cohabitation.<\/p>\n<p style=\"text-align: center;\">Partant le matin de nos ateliers situ\u00e9s \u00e0 Zaventem, nous effectuons des travaux dans tous les coins du pays, et sont donc quasi toujours engag\u00e9s dans la restauration du m\u00e9tal et de la pierre.<\/p>\n<p style=\"text-align: center;\">Voici quelques r\u00e9f\u00e9rences de travaux effectu\u00e9s. Vous pouvez toujours visiter notre page FB.<\/p>\n<p>[\/et_pb_text][\/et_pb_column][\/et_pb_row][\/et_pb_section][et_pb_section fb_built=\"1&#8243; custom_padding_last_edited=\"on|desktop\" admin_label=\"Sectie\" _builder_version=\"4.16&#8243; custom_padding_tablet=\"50px|0|50px|0&#8243; custom_padding_phone=\"\" transparent_background=\"off\" padding_mobile=\"off\" make_fullwidth=\"off\" use_custom_width=\"off\" width_unit=\"off\" custom_width_px=\"1080px\" custom_width_percent=\"80%\" global_colors_info=\"{}\"][et_pb_row padding_mobile=\"off\" column_padding_mobile=\"on\" admin_label=\"Rij\" _builder_version=\"4.16&#8243; background_size=\"initial\" background_position=\"top_left\" background_repeat=\"repeat\" make_fullwidth=\"off\" use_custom_width=\"off\" width_unit=\"off\" custom_width_px=\"1080px\" custom_width_percent=\"80%\" global_colors_info=\"{}\"][et_pb_column type=\"4_4&#8243; _builder_version=\"4.16&#8243; custom_padding=\"|||\" global_colors_info=\"{}\" custom_padding__hover=\"|||\"][et_pb_portfolio fullwidth=\"off\" posts_number=\"14&#8243; show_categories=\"off\" hover_icon=\"&#x41;||divi||400&#8243; admin_label=\"Portfolio\" _builder_version=\"4.16&#8243; background_size=\"initial\" background_position=\"top_left\" background_repeat=\"repeat\" use_border_color=\"off\" border_color=\"#ffffff\" border_width=\"1px\" border_style=\"solid\" global_colors_info=\"{}\"] [\/et_pb_portfolio][\/et_pb_column][\/et_pb_row][\/et_pb_section]<\/p>\n","protected":false},"excerpt":{"rendered":"<p>AltNova ma\u00eetrise les deux disciplines: de la restauration du m\u00e9tal ancien et de la pierre. Cela s\u2019av\u00e8re tr\u00e8s utile car une ancienne structure m\u00e9tallique constitue souvent un couple ins\u00e9parable avec la pierre dans laquelle elle est ancr\u00e9e, mais avec des \u00ab tensions \u00bb qui rendent difficile la cohabitation. Partant le matin de nos ateliers situ\u00e9s [&hellip;]<\/p>\n","protected":false},"author":1,"featured_media":0,"parent":0,"menu_order":0,"comment_status":"closed","ping_status":"closed","template":"","meta":{"_et_pb_use_builder":"on","_et_pb_old_content":"","_et_gb_content_width":"","footnotes":""},"class_list":["post-213","page","type-page","status-publish","hentry"],"yoast_head":"<!-- This site is optimized with the Yoast SEO plugin v26.7 - https:\/\/yoast.com\/wordpress\/plugins\/seo\/ -->\n<title>R\u00e9f\u00e9rences<\/title>\n<meta name=\"robots\" content=\"index, follow, max-snippet:-1, max-image-preview:large, max-video-preview:-1\" \/>\n<link rel=\"canonical\" href=\"https:\/\/altnova.be\/fr\/referenties\/\" \/>\n<meta property=\"og:locale\" content=\"fr_FR\" \/>\n<meta property=\"og:type\" content=\"article\" \/>\n<meta property=\"og:title\" content=\"R\u00e9f\u00e9rences\" \/>\n<meta property=\"og:description\" content=\"AltNova ma\u00eetrise les deux disciplines: de la restauration du m\u00e9tal ancien et de la pierre. Cela s\u2019av\u00e8re tr\u00e8s utile car une ancienne structure m\u00e9tallique constitue souvent un couple ins\u00e9parable avec la pierre dans laquelle elle est ancr\u00e9e, mais avec des \u00ab tensions \u00bb qui rendent difficile la cohabitation. Partant le matin de nos ateliers situ\u00e9s [&hellip;]\" \/>\n<meta property=\"og:url\" content=\"https:\/\/altnova.be\/fr\/referenties\/\" \/>\n<meta property=\"og:site_name\" content=\"AltNova | Smeedwerk &amp; gietijzer, Natuursteen: restauratie en nieuw fabricaat\" \/>\n<meta property=\"article:publisher\" content=\"http:\/\/www.facebook.com\/altnova.be\" \/>\n<meta property=\"article:modified_time\" content=\"2025-06-24T11:23:11+00:00\" \/>\n<meta name=\"twitter:card\" content=\"summary_large_image\" \/>\n<meta name=\"twitter:label1\" content=\"Dur\u00e9e de lecture estim\u00e9e\" \/>\n\t<meta name=\"twitter:data1\" content=\"3 minutes\" \/>\n<script type=\"application\/ld+json\" class=\"yoast-schema-graph\">{\"@context\":\"https:\/\/schema.org\",\"@graph\":[{\"@type\":\"WebPage\",\"@id\":\"https:\/\/altnova.be\/fr\/referenties\/\",\"url\":\"https:\/\/altnova.be\/fr\/referenties\/\",\"name\":\"R\u00e9f\u00e9rences\",\"isPartOf\":{\"@id\":\"https:\/\/altnova.be\/fr\/#website\"},\"datePublished\":\"2016-11-09T15:03:12+00:00\",\"dateModified\":\"2025-06-24T11:23:11+00:00\",\"breadcrumb\":{\"@id\":\"https:\/\/altnova.be\/fr\/referenties\/#breadcrumb\"},\"inLanguage\":\"fr-FR\",\"potentialAction\":[{\"@type\":\"ReadAction\",\"target\":[\"https:\/\/altnova.be\/fr\/referenties\/\"]}]},{\"@type\":\"BreadcrumbList\",\"@id\":\"https:\/\/altnova.be\/fr\/referenties\/#breadcrumb\",\"itemListElement\":[{\"@type\":\"ListItem\",\"position\":1,\"name\":\"Home\",\"item\":\"https:\/\/altnova.be\/fr\/\"},{\"@type\":\"ListItem\",\"position\":2,\"name\":\"Referenties\"}]},{\"@type\":\"WebSite\",\"@id\":\"https:\/\/altnova.be\/fr\/#website\",\"url\":\"https:\/\/altnova.be\/fr\/\",\"name\":\"AltNova | Smeedwerk & gietijzer, Natuursteen: restauratie en nieuw fabricaat\",\"description\":\"Voor de toekomst van ons verleden\",\"publisher\":{\"@id\":\"https:\/\/altnova.be\/fr\/#organization\"},\"potentialAction\":[{\"@type\":\"SearchAction\",\"target\":{\"@type\":\"EntryPoint\",\"urlTemplate\":\"https:\/\/altnova.be\/fr\/?s={search_term_string}\"},\"query-input\":{\"@type\":\"PropertyValueSpecification\",\"valueRequired\":true,\"valueName\":\"search_term_string\"}}],\"inLanguage\":\"fr-FR\"},{\"@type\":\"Organization\",\"@id\":\"https:\/\/altnova.be\/fr\/#organization\",\"name\":\"AltNova | Smeedwerk & gietijzer, Natuursteen: restauratie en nieuw fabricaat\",\"url\":\"https:\/\/altnova.be\/fr\/\",\"logo\":{\"@type\":\"ImageObject\",\"inLanguage\":\"fr-FR\",\"@id\":\"https:\/\/altnova.be\/fr\/#\/schema\/logo\/image\/\",\"url\":\"https:\/\/altnova.be\/wp-content\/uploads\/2016\/11\/AltNova-Altanova-logo.png\",\"contentUrl\":\"https:\/\/altnova.be\/wp-content\/uploads\/2016\/11\/AltNova-Altanova-logo.png\",\"width\":100,\"height\":113,\"caption\":\"AltNova | Smeedwerk & gietijzer, Natuursteen: restauratie en nieuw fabricaat\"},\"image\":{\"@id\":\"https:\/\/altnova.be\/fr\/#\/schema\/logo\/image\/\"},\"sameAs\":[\"http:\/\/www.facebook.com\/altnova.be\",\"https:\/\/www.instagram.com\/altnova.be\/\",\"https:\/\/www.linkedin.com\/company\/altnova\/\"]}]}<\/script>\n<!-- \/ Yoast SEO plugin. -->","yoast_head_json":{"title":"R\u00e9f\u00e9rences","robots":{"index":"index","follow":"follow","max-snippet":"max-snippet:-1","max-image-preview":"max-image-preview:large","max-video-preview":"max-video-preview:-1"},"canonical":"https:\/\/altnova.be\/fr\/referenties\/","og_locale":"fr_FR","og_type":"article","og_title":"R\u00e9f\u00e9rences","og_description":"AltNova ma\u00eetrise les deux disciplines: de la restauration du m\u00e9tal ancien et de la pierre. Cela s\u2019av\u00e8re tr\u00e8s utile car une ancienne structure m\u00e9tallique constitue souvent un couple ins\u00e9parable avec la pierre dans laquelle elle est ancr\u00e9e, mais avec des \u00ab tensions \u00bb qui rendent difficile la cohabitation. Partant le matin de nos ateliers situ\u00e9s [&hellip;]","og_url":"https:\/\/altnova.be\/fr\/referenties\/","og_site_name":"AltNova | Smeedwerk &amp; gietijzer, Natuursteen: restauratie en nieuw fabricaat","article_publisher":"http:\/\/www.facebook.com\/altnova.be","article_modified_time":"2025-06-24T11:23:11+00:00","twitter_card":"summary_large_image","twitter_misc":{"Dur\u00e9e de lecture estim\u00e9e":"3 minutes"},"schema":{"@context":"https:\/\/schema.org","@graph":[{"@type":"WebPage","@id":"https:\/\/altnova.be\/fr\/referenties\/","url":"https:\/\/altnova.be\/fr\/referenties\/","name":"R\u00e9f\u00e9rences","isPartOf":{"@id":"https:\/\/altnova.be\/fr\/#website"},"datePublished":"2016-11-09T15:03:12+00:00","dateModified":"2025-06-24T11:23:11+00:00","breadcrumb":{"@id":"https:\/\/altnova.be\/fr\/referenties\/#breadcrumb"},"inLanguage":"fr-FR","potentialAction":[{"@type":"ReadAction","target":["https:\/\/altnova.be\/fr\/referenties\/"]}]},{"@type":"BreadcrumbList","@id":"https:\/\/altnova.be\/fr\/referenties\/#breadcrumb","itemListElement":[{"@type":"ListItem","position":1,"name":"Home","item":"https:\/\/altnova.be\/fr\/"},{"@type":"ListItem","position":2,"name":"Referenties"}]},{"@type":"WebSite","@id":"https:\/\/altnova.be\/fr\/#website","url":"https:\/\/altnova.be\/fr\/","name":"AltNova | Smeedwerk & gietijzer, Natuursteen: restauratie en nieuw fabricaat","description":"Voor de toekomst van ons verleden","publisher":{"@id":"https:\/\/altnova.be\/fr\/#organization"},"potentialAction":[{"@type":"SearchAction","target":{"@type":"EntryPoint","urlTemplate":"https:\/\/altnova.be\/fr\/?s={search_term_string}"},"query-input":{"@type":"PropertyValueSpecification","valueRequired":true,"valueName":"search_term_string"}}],"inLanguage":"fr-FR"},{"@type":"Organization","@id":"https:\/\/altnova.be\/fr\/#organization","name":"AltNova | Smeedwerk & gietijzer, Natuursteen: restauratie en nieuw fabricaat","url":"https:\/\/altnova.be\/fr\/","logo":{"@type":"ImageObject","inLanguage":"fr-FR","@id":"https:\/\/altnova.be\/fr\/#\/schema\/logo\/image\/","url":"https:\/\/altnova.be\/wp-content\/uploads\/2016\/11\/AltNova-Altanova-logo.png","contentUrl":"https:\/\/altnova.be\/wp-content\/uploads\/2016\/11\/AltNova-Altanova-logo.png","width":100,"height":113,"caption":"AltNova | Smeedwerk & gietijzer, Natuursteen: restauratie en nieuw fabricaat"},"image":{"@id":"https:\/\/altnova.be\/fr\/#\/schema\/logo\/image\/"},"sameAs":["http:\/\/www.facebook.com\/altnova.be","https:\/\/www.instagram.com\/altnova.be\/","https:\/\/www.linkedin.com\/company\/altnova\/"]}]}},"_links":{"self":[{"href":"https:\/\/altnova.be\/fr\/wp-json\/wp\/v2\/pages\/213","targetHints":{"allow":["GET"]}}],"collection":[{"href":"https:\/\/altnova.be\/fr\/wp-json\/wp\/v2\/pages"}],"about":[{"href":"https:\/\/altnova.be\/fr\/wp-json\/wp\/v2\/types\/page"}],"author":[{"embeddable":true,"href":"https:\/\/altnova.be\/fr\/wp-json\/wp\/v2\/users\/1"}],"replies":[{"embeddable":true,"href":"https:\/\/altnova.be\/fr\/wp-json\/wp\/v2\/comments?post=213"}],"version-history":[{"count":6,"href":"https:\/\/altnova.be\/fr\/wp-json\/wp\/v2\/pages\/213\/revisions"}],"predecessor-version":[{"id":2803,"href":"https:\/\/altnova.be\/fr\/wp-json\/wp\/v2\/pages\/213\/revisions\/2803"}],"wp:attachment":[{"href":"https:\/\/altnova.be\/fr\/wp-json\/wp\/v2\/media?parent=213"}],"curies":[{"name":"wp","href":"https:\/\/api.w.org\/{rel}","templated":true}]}}