{"id":1343,"date":"2018-02-27T18:10:48","date_gmt":"2018-02-27T17:10:48","guid":{"rendered":"https:\/\/altnova.be\/boek\/"},"modified":"2025-08-23T11:53:30","modified_gmt":"2025-08-23T09:53:30","slug":"livre","status":"publish","type":"page","link":"https:\/\/altnova.be\/fr\/livre\/","title":{"rendered":"Restauration du fer forg\u00e9 &#038; fonte: Trouvez les r\u00e9ponses sur 10 questions fr\u00e9quentes"},"content":{"rendered":"<p>[et_pb_section fb_built=\"1&#8243; specialty=\"on\" custom_padding_last_edited=\"on|desktop\" parallax_method_1=\"off\" parallax_method_2=\"off\" admin_label=\"Sectie\" _builder_version=\"4.16&#8243; custom_margin=\"0px||||false|false\" custom_padding=\"10px||||false|false\" custom_padding_tablet=\"50px|0|50px|0&#8243; custom_padding_phone=\"\" transparent_background=\"off\" make_fullwidth=\"off\" use_custom_width=\"off\" width_unit=\"on\" global_colors_info=\"{}\"][et_pb_column type=\"1_3&#8243; _builder_version=\"4.16&#8243; custom_padding=\"|||\" global_colors_info=\"{}\" custom_padding__hover=\"|||\"][et_pb_image src=\"https:\/\/altnova.be\/wp-content\/uploads\/2025\/06\/10-questions-voorkaft.webp\" alt=\"Restauration du fer forg\u00e9 &#038; fonte: d\u00e9couvrez les r\u00e9ponses aux 10 questions les plus fr\u00e9quemment pos\u00e9es - Mark Peeters\" title_text=\"10 questions voorkaft\" url=\"https:\/\/www.bol.com\/be\/fr\/p\/restauration-du-fer-forge-fonte\/9200000113027169\/\" url_new_window=\"on\" align=\"center\" align_tablet=\"center\" align_phone=\"\" align_last_edited=\"on|desktop\" admin_label=\"Afbeelding Cover\" _builder_version=\"4.18.0&#8243; animation_style=\"slide\" animation_direction=\"left\" animation_duration=\"500ms\" animation_intensity_slide=\"10%\" animation=\"left\" sticky=\"off\" use_border_color=\"off\" border_color=\"#ffffff\" border_style=\"solid\" always_center_on_mobile=\"on\" global_colors_info=\"{}\"] [\/et_pb_image][et_pb_image src=\"https:\/\/altnova.be\/wp-content\/uploads\/2025\/06\/10-questions-achterkaft.webp\" title_text=\"10 questions achterkaft\" url=\"https:\/\/www.bol.com\/be\/fr\/p\/restauration-du-fer-forge-fonte\/9200000113027169\/\" url_new_window=\"on\" _builder_version=\"4.18.0&#8243; global_colors_info=\"{}\"][\/et_pb_image][\/et_pb_column][et_pb_column type=\"2_3&#8243; specialty_columns=\"2&#8243; _builder_version=\"4.16&#8243; custom_padding=\"|||\" global_colors_info=\"{}\" custom_padding__hover=\"|||\"][et_pb_row_inner column_padding_mobile=\"on\" admin_label=\"Rij\" _builder_version=\"4.16&#8243; custom_padding=\"||0px||false|false\" global_colors_info=\"{}\"][et_pb_column_inner saved_specialty_column_type=\"2_3&#8243; _builder_version=\"4.16&#8243; custom_padding=\"|||\" global_colors_info=\"{}\" custom_padding__hover=\"|||\"][et_pb_text admin_label=\"Tekst\" _builder_version=\"4.16&#8243; background_size=\"initial\" background_position=\"top_left\" background_repeat=\"repeat\" text_orientation=\"center\" module_alignment=\"center\" use_border_color=\"off\" border_color=\"#ffffff\" border_style=\"solid\" global_colors_info=\"{}\"]<\/p>\n<h1>Restauration du fer forg\u00e9 &amp; fonte: Trouvez les r\u00e9ponses sur 10 questions fr\u00e9quentes<\/h1>\n<p>[\/et_pb_text][et_pb_text admin_label=\"Tekst\" _builder_version=\"4.16&#8243; background_size=\"initial\" background_position=\"top_left\" background_repeat=\"repeat\" text_orientation=\"justified\" use_border_color=\"off\" border_color=\"#ffffff\" border_style=\"solid\" global_colors_info=\"{}\"]<\/p>\n<p>En 2019, Mark Peeters a publi\u00e9 une version enti\u00e8rement r\u00e9vis\u00e9e de son premier livre.<br data-start=\"1359\" data-end=\"1362\" \/>\"Restauration de ferronnerie &amp; fonte: R\u00e9ponses \u00e0 10 questions fr\u00e9quentes\" offre un regard particulier sur la restauration des anciens ouvrages m\u00e9talliques de valeur: balcons en fonte, grilles en fer forg\u00e9, ornements de toit en zinc ou en cuivre. Le livre guide le lecteur \u00e0 observer ces ouvrages anciens d\u2019une mani\u00e8re qui lui permet de juger s\u2019ils ont de la valeur, de quel mat\u00e9riau ils sont fabriqu\u00e9s, et s\u2019ils doivent \u00eatre restaur\u00e9s ou simplement entretenus. Il met aussi en lumi\u00e8re la r\u00e9paration de la pierre naturelle fissur\u00e9e dans laquelle ces ouvrages authentiques \u00e9taient g\u00e9n\u00e9ralement ancr\u00e9s: socles, plinthes et colonnes. Contrairement \u00e0 d\u2019autres publications sur le sujet, de nombreux exemples pratiques y sont pr\u00e9sent\u00e9s, issus de l\u2019impressionnante liste de r\u00e9f\u00e9rences de \"Altnova\", l\u2019entreprise de restauration fond\u00e9e et dirig\u00e9e par l\u2019auteur.<\/p>\n<p>[\/et_pb_text][\/et_pb_column_inner][\/et_pb_row_inner][et_pb_row_inner column_structure=\"1_2,1_2&#8243; admin_label=\"Rij\" _builder_version=\"4.16&#8243; global_colors_info=\"{}\"][et_pb_column_inner type=\"1_2&#8243; saved_specialty_column_type=\"2_3&#8243; _builder_version=\"4.16&#8243; custom_padding=\"|||\" global_colors_info=\"{}\" custom_padding__hover=\"|||\"][et_pb_text admin_label=\"Tekst\" _builder_version=\"4.27.4&#8243; background_size=\"initial\" background_position=\"top_left\" background_repeat=\"repeat\" text_orientation=\"justified\" hover_enabled=\"0&#8243; use_border_color=\"off\" border_color=\"#ffffff\" border_style=\"solid\" global_colors_info=\"{}\" sticky_enabled=\"0&#8243;]<\/p>\n<p style=\"text-align: justify;\">Une partie du livre, les 10 premi\u00e8res pages, est disponible gratuitement comme extrait. Cet aper\u00e7u est visible ci-dessous. Si vous \u00eates int\u00e9ress\u00e9 par les autres chapitres et questions, le livre complet est disponible \u00e0 <a href=\"https:\/\/www.bol.com\/be\/fr\/p\/restauration-du-fer-forge-fonte\/9200000113027169\/\">l\u2019achat ici.<\/a><\/p>\n<div id=\"kpm-root\" class=\"kpm_LTR\"><\/div>\n<p>[\/et_pb_text][\/et_pb_column_inner][et_pb_column_inner type=\"1_2&#8243; saved_specialty_column_type=\"2_3&#8243; _builder_version=\"4.16&#8243; custom_padding=\"|||\" global_colors_info=\"{}\" custom_padding__hover=\"|||\"][et_pb_text admin_label=\"Tekst\" _builder_version=\"4.16&#8243; background_size=\"initial\" background_position=\"top_left\" background_repeat=\"repeat\" text_orientation=\"justified\" use_border_color=\"off\" border_color=\"#ffffff\" border_style=\"solid\" global_colors_info=\"{}\"]<\/p>\n<p>La version broch\u00e9e est disponible sur bol.com. Cliquez sur le bouton ci-dessous pour passer commande. Le prix du livre sera d\u00e9duit si vous passez une commande chez AltNova.<\/p>\n<div class=\"kpm_LTR\" id=\"kpm-root\"><\/div>\n<p>[\/et_pb_text][\/et_pb_column_inner][\/et_pb_row_inner][et_pb_row_inner column_structure=\"1_2,1_2&#8243; _builder_version=\"4.16&#8243; global_colors_info=\"{}\"][et_pb_column_inner type=\"1_2&#8243; saved_specialty_column_type=\"2_3&#8243; _builder_version=\"4.16&#8243; global_colors_info=\"{}\"][et_pb_button button_url=\"#section01&#8243; button_text=\"Afficher la copie de pr\u00e9visualisation\" admin_label=\"Knop lees fragment\" _builder_version=\"4.16&#8243; global_colors_info=\"{}\"][\/et_pb_button][\/et_pb_column_inner][et_pb_column_inner type=\"1_2&#8243; saved_specialty_column_type=\"2_3&#8243; _builder_version=\"4.16&#8243; global_colors_info=\"{}\"][et_pb_button button_url=\"https:\/\/www.bol.com\/be\/fr\/p\/restauration-du-fer-forge-fonte\/9200000113027169\/\" url_new_window=\"on\" button_text=\"D\u00e9couvrez le livre sur le site bol.com\" admin_label=\"Knop bestel boek\" _builder_version=\"4.18.0&#8243; global_colors_info=\"{}\"][\/et_pb_button][\/et_pb_column_inner][\/et_pb_row_inner][et_pb_row_inner admin_label=\"Rij\" _builder_version=\"4.16&#8243; global_colors_info=\"{}\"][et_pb_column_inner saved_specialty_column_type=\"2_3&#8243; _builder_version=\"4.16&#8243; custom_padding=\"|||\" global_colors_info=\"{}\" custom_padding__hover=\"|||\"][et_pb_cta title=\"Vous avez des questions ou vous souhaitez prendre contact avec nous ?\" button_url=\"https:\/\/altnova.be\/fr\/contact\/\" button_text=\"Contactez-nous\" admin_label=\"Oproep tot actie\" _builder_version=\"4.16&#8243; background_size=\"initial\" background_position=\"top_left\" background_repeat=\"repeat\" text_orientation=\"left\" use_border_color=\"off\" border_color=\"#ffffff\" border_style=\"solid\" button_letter_spacing_hover=\"0&#8243; global_colors_info=\"{}\" button_text_size__hover_enabled=\"off\" button_one_text_size__hover_enabled=\"off\" button_two_text_size__hover_enabled=\"off\" button_text_color__hover_enabled=\"off\" button_one_text_color__hover_enabled=\"off\" button_two_text_color__hover_enabled=\"off\" button_border_width__hover_enabled=\"off\" button_one_border_width__hover_enabled=\"off\" button_two_border_width__hover_enabled=\"off\" button_border_color__hover_enabled=\"off\" button_one_border_color__hover_enabled=\"off\" button_two_border_color__hover_enabled=\"off\" button_border_radius__hover_enabled=\"off\" button_one_border_radius__hover_enabled=\"off\" button_two_border_radius__hover_enabled=\"off\" button_letter_spacing__hover_enabled=\"on\" button_letter_spacing__hover=\"0&#8243; button_one_letter_spacing__hover_enabled=\"off\" button_two_letter_spacing__hover_enabled=\"off\" button_bg_color__hover_enabled=\"off\" button_one_bg_color__hover_enabled=\"off\" button_two_bg_color__hover_enabled=\"off\"]Nous sommes heureux de recevoir votre demande et de prendre le temps n\u00e9cessaire pour la r\u00e9soudre avec vous.<br \/>\n[\/et_pb_cta][\/et_pb_column_inner][\/et_pb_row_inner][\/et_pb_column][\/et_pb_section][et_pb_section fb_built=\"1&#8243; _builder_version=\"4.16&#8243; global_colors_info=\"{}\"][et_pb_row _builder_version=\"4.16&#8243; global_colors_info=\"{}\"][et_pb_column type=\"4_4&#8243; _builder_version=\"4.16&#8243; global_colors_info=\"{}\"][et_pb_code admin_label=\"Adobe PDF Viewer\" _builder_version=\"4.16&#8243; global_colors_info=\"{}\"]<\/p>\n<section id=\"section01\" class=\"demo\"><!-- [et_pb_line_break_holder] --><\/p>\n<div id=\"adobe-dc-view\" style=\"height: 500px; width: 100%;\"><\/div>\n<p><!-- [et_pb_line_break_holder] --><script src=\"https:\/\/documentcloud.adobe.com\/view-sdk\/main.js\"><\/script><!-- [et_pb_line_break_holder] --><script type=\"text\/javascript\"><!-- [et_pb_line_break_holder] -->document.addEventListener(\"adobe_dc_view_sdk.ready\", function(){ <!-- [et_pb_line_break_holder] -->  var adobeDCView = new AdobeDC.View({clientId: \"d77d963db18d4db29f1d6a7fcdcea01b\", divId: \"adobe-dc-view\"});<!-- [et_pb_line_break_holder] -->  adobeDCView.previewFile({<!-- [et_pb_line_break_holder] -->    content:{location: {url: \"https:\/\/altnova.be\/wp-content\/uploads\/2020\/08\/Antwoorden%20op%2010%20veel%20gestelde%20vragen%20over%20restauratie%20van%20smeed-en%20gietwerk-Preview.pdf\"}},<!-- [et_pb_line_break_holder] -->    metaData:{fileName: \"Antwoorden op 10 veel gestelde vragen over restauratie van smeed-en gietwerk-Preview\"}<!-- [et_pb_line_break_holder] -->  }, {embedMode: \"SIZED_CONTAINER\"});<!-- [et_pb_line_break_holder] -->});<!-- [et_pb_line_break_holder] --><\/script><!-- [et_pb_line_break_holder] -->[\/et_pb_code][\/et_pb_column][\/et_pb_row][\/et_pb_section]<\/p>\n","protected":false},"excerpt":{"rendered":"<p>Restauration du fer forg\u00e9 &amp; fonte: Trouvez les r\u00e9ponses sur 10 questions fr\u00e9quentesEn 2019, Mark Peeters a publi\u00e9 une version enti\u00e8rement r\u00e9vis\u00e9e de son premier livre.\"Restauration de ferronnerie &amp; fonte: R\u00e9ponses \u00e0 10 questions fr\u00e9quentes\" offre un regard particulier sur la restauration des anciens ouvrages m\u00e9talliques de valeur: balcons en fonte, grilles en fer forg\u00e9, [&hellip;]<\/p>\n","protected":false},"author":1,"featured_media":0,"parent":0,"menu_order":0,"comment_status":"closed","ping_status":"closed","template":"","meta":{"_et_pb_use_builder":"on","_et_pb_old_content":"","_et_gb_content_width":"","footnotes":""},"class_list":["post-1343","page","type-page","status-publish","hentry"],"yoast_head":"<!-- This site is optimized with the Yoast SEO plugin v26.7 - https:\/\/yoast.com\/wordpress\/plugins\/seo\/ -->\n<title>Restauration du fer forg\u00e9 &amp; fonte: Trouvez les r\u00e9ponses sur 10 questions fr\u00e9quentes | AltNova | Smeedwerk &amp; gietijzer, Natuursteen: restauratie en nieuw fabricaat<\/title>\n<meta name=\"robots\" content=\"index, follow, max-snippet:-1, max-image-preview:large, max-video-preview:-1\" \/>\n<link rel=\"canonical\" href=\"https:\/\/altnova.be\/fr\/livre\/\" \/>\n<meta property=\"og:locale\" content=\"fr_FR\" \/>\n<meta property=\"og:type\" content=\"article\" \/>\n<meta property=\"og:title\" content=\"Restauration du fer forg\u00e9 &amp; fonte: Trouvez les r\u00e9ponses sur 10 questions fr\u00e9quentes | AltNova | Smeedwerk &amp; gietijzer, Natuursteen: restauratie en nieuw fabricaat\" \/>\n<meta property=\"og:description\" content=\"Restauration du fer forg\u00e9 &amp; fonte: Trouvez les r\u00e9ponses sur 10 questions fr\u00e9quentesEn 2019, Mark Peeters a publi\u00e9 une version enti\u00e8rement r\u00e9vis\u00e9e de son premier livre.&quot;Restauration de ferronnerie &amp; fonte: R\u00e9ponses \u00e0 10 questions fr\u00e9quentes&quot; offre un regard particulier sur la restauration des anciens ouvrages m\u00e9talliques de valeur: balcons en fonte, grilles en fer forg\u00e9, [&hellip;]\" \/>\n<meta property=\"og:url\" content=\"https:\/\/altnova.be\/fr\/livre\/\" \/>\n<meta property=\"og:site_name\" content=\"AltNova | Smeedwerk &amp; gietijzer, Natuursteen: restauratie en nieuw fabricaat\" \/>\n<meta property=\"article:publisher\" content=\"http:\/\/www.facebook.com\/altnova.be\" \/>\n<meta property=\"article:modified_time\" content=\"2025-08-23T09:53:30+00:00\" \/>\n<meta name=\"twitter:card\" content=\"summary_large_image\" \/>\n<meta name=\"twitter:label1\" content=\"Dur\u00e9e de lecture estim\u00e9e\" \/>\n\t<meta name=\"twitter:data1\" content=\"6 minutes\" \/>\n<script type=\"application\/ld+json\" class=\"yoast-schema-graph\">{\"@context\":\"https:\/\/schema.org\",\"@graph\":[{\"@type\":\"WebPage\",\"@id\":\"https:\/\/altnova.be\/fr\/livre\/\",\"url\":\"https:\/\/altnova.be\/fr\/livre\/\",\"name\":\"Restauration du fer forg\u00e9 & fonte: Trouvez les r\u00e9ponses sur 10 questions fr\u00e9quentes | AltNova | Smeedwerk &amp; gietijzer, Natuursteen: restauratie en nieuw fabricaat\",\"isPartOf\":{\"@id\":\"https:\/\/altnova.be\/fr\/#website\"},\"datePublished\":\"2018-02-27T17:10:48+00:00\",\"dateModified\":\"2025-08-23T09:53:30+00:00\",\"breadcrumb\":{\"@id\":\"https:\/\/altnova.be\/fr\/livre\/#breadcrumb\"},\"inLanguage\":\"fr-FR\",\"potentialAction\":[{\"@type\":\"ReadAction\",\"target\":[\"https:\/\/altnova.be\/fr\/livre\/\"]}]},{\"@type\":\"BreadcrumbList\",\"@id\":\"https:\/\/altnova.be\/fr\/livre\/#breadcrumb\",\"itemListElement\":[{\"@type\":\"ListItem\",\"position\":1,\"name\":\"Home\",\"item\":\"https:\/\/altnova.be\/fr\/\"},{\"@type\":\"ListItem\",\"position\":2,\"name\":\"Restauration du fer forg\u00e9 &#038; fonte: Trouvez les r\u00e9ponses sur 10 questions fr\u00e9quentes\"}]},{\"@type\":\"WebSite\",\"@id\":\"https:\/\/altnova.be\/fr\/#website\",\"url\":\"https:\/\/altnova.be\/fr\/\",\"name\":\"AltNova | Smeedwerk & gietijzer, Natuursteen: restauratie en nieuw fabricaat\",\"description\":\"Voor de toekomst van ons verleden\",\"publisher\":{\"@id\":\"https:\/\/altnova.be\/fr\/#organization\"},\"potentialAction\":[{\"@type\":\"SearchAction\",\"target\":{\"@type\":\"EntryPoint\",\"urlTemplate\":\"https:\/\/altnova.be\/fr\/?s={search_term_string}\"},\"query-input\":{\"@type\":\"PropertyValueSpecification\",\"valueRequired\":true,\"valueName\":\"search_term_string\"}}],\"inLanguage\":\"fr-FR\"},{\"@type\":\"Organization\",\"@id\":\"https:\/\/altnova.be\/fr\/#organization\",\"name\":\"AltNova | Smeedwerk & gietijzer, Natuursteen: restauratie en nieuw fabricaat\",\"url\":\"https:\/\/altnova.be\/fr\/\",\"logo\":{\"@type\":\"ImageObject\",\"inLanguage\":\"fr-FR\",\"@id\":\"https:\/\/altnova.be\/fr\/#\/schema\/logo\/image\/\",\"url\":\"https:\/\/altnova.be\/wp-content\/uploads\/2016\/11\/AltNova-Altanova-logo.png\",\"contentUrl\":\"https:\/\/altnova.be\/wp-content\/uploads\/2016\/11\/AltNova-Altanova-logo.png\",\"width\":100,\"height\":113,\"caption\":\"AltNova | Smeedwerk & gietijzer, Natuursteen: restauratie en nieuw fabricaat\"},\"image\":{\"@id\":\"https:\/\/altnova.be\/fr\/#\/schema\/logo\/image\/\"},\"sameAs\":[\"http:\/\/www.facebook.com\/altnova.be\",\"https:\/\/www.instagram.com\/altnova.be\/\",\"https:\/\/www.linkedin.com\/company\/altnova\/\"]}]}<\/script>\n<!-- \/ Yoast SEO plugin. -->","yoast_head_json":{"title":"Restauration du fer forg\u00e9 & fonte: Trouvez les r\u00e9ponses sur 10 questions fr\u00e9quentes | AltNova | Smeedwerk &amp; gietijzer, Natuursteen: restauratie en nieuw fabricaat","robots":{"index":"index","follow":"follow","max-snippet":"max-snippet:-1","max-image-preview":"max-image-preview:large","max-video-preview":"max-video-preview:-1"},"canonical":"https:\/\/altnova.be\/fr\/livre\/","og_locale":"fr_FR","og_type":"article","og_title":"Restauration du fer forg\u00e9 & fonte: Trouvez les r\u00e9ponses sur 10 questions fr\u00e9quentes | AltNova | Smeedwerk &amp; gietijzer, Natuursteen: restauratie en nieuw fabricaat","og_description":"Restauration du fer forg\u00e9 &amp; fonte: Trouvez les r\u00e9ponses sur 10 questions fr\u00e9quentesEn 2019, Mark Peeters a publi\u00e9 une version enti\u00e8rement r\u00e9vis\u00e9e de son premier livre.\"Restauration de ferronnerie &amp; fonte: R\u00e9ponses \u00e0 10 questions fr\u00e9quentes\" offre un regard particulier sur la restauration des anciens ouvrages m\u00e9talliques de valeur: balcons en fonte, grilles en fer forg\u00e9, [&hellip;]","og_url":"https:\/\/altnova.be\/fr\/livre\/","og_site_name":"AltNova | Smeedwerk &amp; gietijzer, Natuursteen: restauratie en nieuw fabricaat","article_publisher":"http:\/\/www.facebook.com\/altnova.be","article_modified_time":"2025-08-23T09:53:30+00:00","twitter_card":"summary_large_image","twitter_misc":{"Dur\u00e9e de lecture estim\u00e9e":"6 minutes"},"schema":{"@context":"https:\/\/schema.org","@graph":[{"@type":"WebPage","@id":"https:\/\/altnova.be\/fr\/livre\/","url":"https:\/\/altnova.be\/fr\/livre\/","name":"Restauration du fer forg\u00e9 & fonte: Trouvez les r\u00e9ponses sur 10 questions fr\u00e9quentes | AltNova | Smeedwerk &amp; gietijzer, Natuursteen: restauratie en nieuw fabricaat","isPartOf":{"@id":"https:\/\/altnova.be\/fr\/#website"},"datePublished":"2018-02-27T17:10:48+00:00","dateModified":"2025-08-23T09:53:30+00:00","breadcrumb":{"@id":"https:\/\/altnova.be\/fr\/livre\/#breadcrumb"},"inLanguage":"fr-FR","potentialAction":[{"@type":"ReadAction","target":["https:\/\/altnova.be\/fr\/livre\/"]}]},{"@type":"BreadcrumbList","@id":"https:\/\/altnova.be\/fr\/livre\/#breadcrumb","itemListElement":[{"@type":"ListItem","position":1,"name":"Home","item":"https:\/\/altnova.be\/fr\/"},{"@type":"ListItem","position":2,"name":"Restauration du fer forg\u00e9 &#038; fonte: Trouvez les r\u00e9ponses sur 10 questions fr\u00e9quentes"}]},{"@type":"WebSite","@id":"https:\/\/altnova.be\/fr\/#website","url":"https:\/\/altnova.be\/fr\/","name":"AltNova | Smeedwerk & gietijzer, Natuursteen: restauratie en nieuw fabricaat","description":"Voor de toekomst van ons verleden","publisher":{"@id":"https:\/\/altnova.be\/fr\/#organization"},"potentialAction":[{"@type":"SearchAction","target":{"@type":"EntryPoint","urlTemplate":"https:\/\/altnova.be\/fr\/?s={search_term_string}"},"query-input":{"@type":"PropertyValueSpecification","valueRequired":true,"valueName":"search_term_string"}}],"inLanguage":"fr-FR"},{"@type":"Organization","@id":"https:\/\/altnova.be\/fr\/#organization","name":"AltNova | Smeedwerk & gietijzer, Natuursteen: restauratie en nieuw fabricaat","url":"https:\/\/altnova.be\/fr\/","logo":{"@type":"ImageObject","inLanguage":"fr-FR","@id":"https:\/\/altnova.be\/fr\/#\/schema\/logo\/image\/","url":"https:\/\/altnova.be\/wp-content\/uploads\/2016\/11\/AltNova-Altanova-logo.png","contentUrl":"https:\/\/altnova.be\/wp-content\/uploads\/2016\/11\/AltNova-Altanova-logo.png","width":100,"height":113,"caption":"AltNova | Smeedwerk & gietijzer, Natuursteen: restauratie en nieuw fabricaat"},"image":{"@id":"https:\/\/altnova.be\/fr\/#\/schema\/logo\/image\/"},"sameAs":["http:\/\/www.facebook.com\/altnova.be","https:\/\/www.instagram.com\/altnova.be\/","https:\/\/www.linkedin.com\/company\/altnova\/"]}]}},"_links":{"self":[{"href":"https:\/\/altnova.be\/fr\/wp-json\/wp\/v2\/pages\/1343","targetHints":{"allow":["GET"]}}],"collection":[{"href":"https:\/\/altnova.be\/fr\/wp-json\/wp\/v2\/pages"}],"about":[{"href":"https:\/\/altnova.be\/fr\/wp-json\/wp\/v2\/types\/page"}],"author":[{"embeddable":true,"href":"https:\/\/altnova.be\/fr\/wp-json\/wp\/v2\/users\/1"}],"replies":[{"embeddable":true,"href":"https:\/\/altnova.be\/fr\/wp-json\/wp\/v2\/comments?post=1343"}],"version-history":[{"count":16,"href":"https:\/\/altnova.be\/fr\/wp-json\/wp\/v2\/pages\/1343\/revisions"}],"predecessor-version":[{"id":3126,"href":"https:\/\/altnova.be\/fr\/wp-json\/wp\/v2\/pages\/1343\/revisions\/3126"}],"wp:attachment":[{"href":"https:\/\/altnova.be\/fr\/wp-json\/wp\/v2\/media?parent=1343"}],"curies":[{"name":"wp","href":"https:\/\/api.w.org\/{rel}","templated":true}]}}